{"id":196,"date":"2025-07-18T05:20:19","date_gmt":"2025-07-18T05:20:19","guid":{"rendered":"https:\/\/nationalcastlellc.com\/?page_id=196"},"modified":"2025-07-22T17:58:06","modified_gmt":"2025-07-22T17:58:06","slug":"proveedores","status":"publish","type":"page","link":"https:\/\/nationalcastlellc.com\/en\/proveedores\/","title":{"rendered":"PROVIDERS"},"content":{"rendered":"<div data-elementor-type=\"wp-page\" data-elementor-id=\"196\" class=\"elementor elementor-196\" data-elementor-post-type=\"page\">\n\t\t\t\t\t\t<section class=\"elementor-section elementor-top-section elementor-element elementor-element-1c9c251 elementor-section-content-top elementor-section-height-min-height elementor-section-items-stretch elementor-section-full_width elementor-section-height-default\" data-id=\"1c9c251\" data-element_type=\"section\" data-settings=\"{&quot;background_background&quot;:&quot;classic&quot;}\">\n\t\t\t\t\t\t\t<div class=\"elementor-background-overlay\"><\/div>\n\t\t\t\t\t\t\t<div class=\"elementor-container elementor-column-gap-default\">\n\t\t\t\t\t<div class=\"elementor-column elementor-col-100 elementor-top-column elementor-element elementor-element-68fafd0\" data-id=\"68fafd0\" data-element_type=\"column\">\n\t\t\t<div class=\"elementor-widget-wrap elementor-element-populated\">\n\t\t\t\t\t\t<div class=\"elementor-element elementor-element-a040c3a animated-slow elementor-invisible elementor-widget elementor-widget-heading\" data-id=\"a040c3a\" data-element_type=\"widget\" data-settings=\"{&quot;_animation&quot;:&quot;fadeIn&quot;,&quot;_animation_delay&quot;:600}\" data-widget_type=\"heading.default\">\n\t\t\t\t<div class=\"elementor-widget-container\">\n\t\t\t\t\t<h1 class=\"elementor-heading-title elementor-size-default\">PROVIDERS<\/h1>\t\t\t\t<\/div>\n\t\t\t\t<\/div>\n\t\t\t\t\t<\/div>\n\t\t<\/div>\n\t\t\t\t\t<\/div>\n\t\t<\/section>\n\t\t\t\t<section class=\"elementor-section elementor-top-section elementor-element elementor-element-f84c9fd elementor-section-boxed elementor-section-height-default elementor-section-height-default\" data-id=\"f84c9fd\" data-element_type=\"section\">\n\t\t\t\t\t\t<div class=\"elementor-container elementor-column-gap-default\">\n\t\t\t\t\t<div class=\"elementor-column elementor-col-50 elementor-top-column elementor-element elementor-element-14c71b0\" data-id=\"14c71b0\" data-element_type=\"column\">\n\t\t\t<div class=\"elementor-widget-wrap elementor-element-populated\">\n\t\t\t\t\t\t<div class=\"elementor-element elementor-element-dd1bec4 elementor-widget elementor-widget-image\" data-id=\"dd1bec4\" data-element_type=\"widget\" data-widget_type=\"image.default\">\n\t\t\t\t<div class=\"elementor-widget-container\">\n\t\t\t\t\t\t\t\t\t\t\t\t\t\t\t<img fetchpriority=\"high\" decoding=\"async\" width=\"800\" height=\"534\" src=\"https:\/\/nationalcastlellc.com\/wp-content\/uploads\/2025\/07\/Cigna-Logo.wine_-1024x683.png\" class=\"attachment-large size-large wp-image-121\" alt=\"\" srcset=\"https:\/\/nationalcastlellc.com\/wp-content\/uploads\/2025\/07\/Cigna-Logo.wine_-1024x683.png 1024w, https:\/\/nationalcastlellc.com\/wp-content\/uploads\/2025\/07\/Cigna-Logo.wine_-300x200.png 300w, https:\/\/nationalcastlellc.com\/wp-content\/uploads\/2025\/07\/Cigna-Logo.wine_-768x512.png 768w, https:\/\/nationalcastlellc.com\/wp-content\/uploads\/2025\/07\/Cigna-Logo.wine_-1536x1024.png 1536w, https:\/\/nationalcastlellc.com\/wp-content\/uploads\/2025\/07\/Cigna-Logo.wine_-2048x1365.png 2048w, https:\/\/nationalcastlellc.com\/wp-content\/uploads\/2025\/07\/Cigna-Logo.wine_-18x12.png 18w\" sizes=\"(max-width: 800px) 100vw, 800px\" \/>\t\t\t\t\t\t\t\t\t\t\t\t\t\t\t<\/div>\n\t\t\t\t<\/div>\n\t\t\t\t<div class=\"elementor-element elementor-element-a6258cb elementor-widget elementor-widget-text-editor\" data-id=\"a6258cb\" data-element_type=\"widget\" data-widget_type=\"text-editor.default\">\n\t\t\t\t<div class=\"elementor-widget-container\">\n\t\t\t\t\t\t\t\t\t<p>Cigna is a leading health insurance company in the U.S., offering health, dental, vision, and life plans. It partners with a wide network of medical providers to deliver coverage and healthcare services to its clients.<\/p>\t\t\t\t\t\t\t\t<\/div>\n\t\t\t\t<\/div>\n\t\t\t\t\t<\/div>\n\t\t<\/div>\n\t\t\t\t<div class=\"elementor-column elementor-col-50 elementor-top-column elementor-element elementor-element-104358a\" data-id=\"104358a\" data-element_type=\"column\">\n\t\t\t<div class=\"elementor-widget-wrap elementor-element-populated\">\n\t\t\t\t\t\t<div class=\"elementor-element elementor-element-171f5a6 elementor-widget elementor-widget-image\" data-id=\"171f5a6\" data-element_type=\"widget\" data-widget_type=\"image.default\">\n\t\t\t\t<div class=\"elementor-widget-container\">\n\t\t\t\t\t\t\t\t\t\t\t\t\t\t\t<img decoding=\"async\" width=\"800\" height=\"450\" src=\"https:\/\/nationalcastlellc.com\/wp-content\/uploads\/2025\/07\/Blue-Cross-Blue-Shield-Logo-1024x576.png\" class=\"attachment-large size-large wp-image-120\" alt=\"\" srcset=\"https:\/\/nationalcastlellc.com\/wp-content\/uploads\/2025\/07\/Blue-Cross-Blue-Shield-Logo-1024x576.png 1024w, https:\/\/nationalcastlellc.com\/wp-content\/uploads\/2025\/07\/Blue-Cross-Blue-Shield-Logo-300x169.png 300w, https:\/\/nationalcastlellc.com\/wp-content\/uploads\/2025\/07\/Blue-Cross-Blue-Shield-Logo-768x432.png 768w, https:\/\/nationalcastlellc.com\/wp-content\/uploads\/2025\/07\/Blue-Cross-Blue-Shield-Logo-1536x864.png 1536w, https:\/\/nationalcastlellc.com\/wp-content\/uploads\/2025\/07\/Blue-Cross-Blue-Shield-Logo-2048x1152.png 2048w, https:\/\/nationalcastlellc.com\/wp-content\/uploads\/2025\/07\/Blue-Cross-Blue-Shield-Logo-18x10.png 18w\" sizes=\"(max-width: 800px) 100vw, 800px\" \/>\t\t\t\t\t\t\t\t\t\t\t\t\t\t\t<\/div>\n\t\t\t\t<\/div>\n\t\t\t\t<div class=\"elementor-element elementor-element-f26bd3e elementor-widget elementor-widget-text-editor\" data-id=\"f26bd3e\" data-element_type=\"widget\" data-widget_type=\"text-editor.default\">\n\t\t\t\t<div class=\"elementor-widget-container\">\n\t\t\t\t\t\t\t\t\t<p>A federation of health insurance companies offering nationwide health plans in the U.S. through a wide network of hospitals and doctors, providing comprehensive medical coverage.<\/p>\t\t\t\t\t\t\t\t<\/div>\n\t\t\t\t<\/div>\n\t\t\t\t\t<\/div>\n\t\t<\/div>\n\t\t\t\t\t<\/div>\n\t\t<\/section>\n\t\t\t\t<section class=\"elementor-section elementor-top-section elementor-element elementor-element-db3ddad elementor-section-boxed elementor-section-height-default elementor-section-height-default\" data-id=\"db3ddad\" data-element_type=\"section\">\n\t\t\t\t\t\t<div class=\"elementor-container elementor-column-gap-default\">\n\t\t\t\t\t<div class=\"elementor-column elementor-col-50 elementor-top-column elementor-element elementor-element-d9cc71a\" data-id=\"d9cc71a\" data-element_type=\"column\">\n\t\t\t<div class=\"elementor-widget-wrap elementor-element-populated\">\n\t\t\t\t\t\t<div class=\"elementor-element elementor-element-fd69d5f elementor-widget elementor-widget-image\" data-id=\"fd69d5f\" data-element_type=\"widget\" data-widget_type=\"image.default\">\n\t\t\t\t<div class=\"elementor-widget-container\">\n\t\t\t\t\t\t\t\t\t\t\t\t\t\t\t<img decoding=\"async\" width=\"800\" height=\"450\" src=\"https:\/\/nationalcastlellc.com\/wp-content\/uploads\/2025\/07\/Aetna-Logo-1-1024x576.png\" class=\"attachment-large size-large wp-image-116\" alt=\"\" srcset=\"https:\/\/nationalcastlellc.com\/wp-content\/uploads\/2025\/07\/Aetna-Logo-1-1024x576.png 1024w, https:\/\/nationalcastlellc.com\/wp-content\/uploads\/2025\/07\/Aetna-Logo-1-300x169.png 300w, https:\/\/nationalcastlellc.com\/wp-content\/uploads\/2025\/07\/Aetna-Logo-1-768x432.png 768w, https:\/\/nationalcastlellc.com\/wp-content\/uploads\/2025\/07\/Aetna-Logo-1-1536x864.png 1536w, https:\/\/nationalcastlellc.com\/wp-content\/uploads\/2025\/07\/Aetna-Logo-1-2048x1152.png 2048w, https:\/\/nationalcastlellc.com\/wp-content\/uploads\/2025\/07\/Aetna-Logo-1-18x10.png 18w\" sizes=\"(max-width: 800px) 100vw, 800px\" \/>\t\t\t\t\t\t\t\t\t\t\t\t\t\t\t<\/div>\n\t\t\t\t<\/div>\n\t\t\t\t<div class=\"elementor-element elementor-element-0ffb785 elementor-widget elementor-widget-text-editor\" data-id=\"0ffb785\" data-element_type=\"widget\" data-widget_type=\"text-editor.default\">\n\t\t\t\t<div class=\"elementor-widget-container\">\n\t\t\t\t\t\t\t\t\t<p>One of the largest health insurers in the U.S., offering health, dental, vision, and life plans, as well as wellness services and employee benefits at a corporate level.<\/p>\t\t\t\t\t\t\t\t<\/div>\n\t\t\t\t<\/div>\n\t\t\t\t\t<\/div>\n\t\t<\/div>\n\t\t\t\t<div class=\"elementor-column elementor-col-50 elementor-top-column elementor-element elementor-element-b64f728\" data-id=\"b64f728\" data-element_type=\"column\">\n\t\t\t<div class=\"elementor-widget-wrap elementor-element-populated\">\n\t\t\t\t\t\t<div class=\"elementor-element elementor-element-95d45a5 elementor-widget elementor-widget-image\" data-id=\"95d45a5\" data-element_type=\"widget\" data-widget_type=\"image.default\">\n\t\t\t\t<div class=\"elementor-widget-container\">\n\t\t\t\t\t\t\t\t\t\t\t\t\t\t\t<img loading=\"lazy\" decoding=\"async\" width=\"800\" height=\"164\" src=\"https:\/\/nationalcastlellc.com\/wp-content\/uploads\/2025\/07\/Unitedhealthcare-logo-1977-2020-1024x210.png\" class=\"attachment-large size-large wp-image-122\" alt=\"\" srcset=\"https:\/\/nationalcastlellc.com\/wp-content\/uploads\/2025\/07\/Unitedhealthcare-logo-1977-2020-1024x210.png 1024w, https:\/\/nationalcastlellc.com\/wp-content\/uploads\/2025\/07\/Unitedhealthcare-logo-1977-2020-300x61.png 300w, https:\/\/nationalcastlellc.com\/wp-content\/uploads\/2025\/07\/Unitedhealthcare-logo-1977-2020-768x157.png 768w, https:\/\/nationalcastlellc.com\/wp-content\/uploads\/2025\/07\/Unitedhealthcare-logo-1977-2020-1536x315.png 1536w, https:\/\/nationalcastlellc.com\/wp-content\/uploads\/2025\/07\/Unitedhealthcare-logo-1977-2020-2048x419.png 2048w, https:\/\/nationalcastlellc.com\/wp-content\/uploads\/2025\/07\/Unitedhealthcare-logo-1977-2020-18x4.png 18w\" sizes=\"(max-width: 800px) 100vw, 800px\" \/>\t\t\t\t\t\t\t\t\t\t\t\t\t\t\t<\/div>\n\t\t\t\t<\/div>\n\t\t\t\t<div class=\"elementor-element elementor-element-25ebd60 elementor-widget elementor-widget-text-editor\" data-id=\"25ebd60\" data-element_type=\"widget\" data-widget_type=\"text-editor.default\">\n\t\t\t\t<div class=\"elementor-widget-container\">\n\t\t\t\t\t\t\t\t\t<p>It offers health, life, and other insurance with broad coverage and access to an extensive network of doctors and hospitals across the United States, ensuring your well-being at all times.<\/p>\t\t\t\t\t\t\t\t<\/div>\n\t\t\t\t<\/div>\n\t\t\t\t\t<\/div>\n\t\t<\/div>\n\t\t\t\t\t<\/div>\n\t\t<\/section>\n\t\t\t\t<section class=\"elementor-section elementor-top-section elementor-element elementor-element-3acb06e elementor-section-boxed elementor-section-height-default elementor-section-height-default\" data-id=\"3acb06e\" data-element_type=\"section\">\n\t\t\t\t\t\t<div class=\"elementor-container elementor-column-gap-default\">\n\t\t\t\t\t<div class=\"elementor-column elementor-col-50 elementor-top-column elementor-element elementor-element-b5e4775\" data-id=\"b5e4775\" data-element_type=\"column\">\n\t\t\t<div class=\"elementor-widget-wrap elementor-element-populated\">\n\t\t\t\t\t\t<div class=\"elementor-element elementor-element-d0de36b elementor-widget elementor-widget-image\" data-id=\"d0de36b\" data-element_type=\"widget\" data-widget_type=\"image.default\">\n\t\t\t\t<div class=\"elementor-widget-container\">\n\t\t\t\t\t\t\t\t\t\t\t\t\t\t\t<img loading=\"lazy\" decoding=\"async\" width=\"300\" height=\"126\" src=\"https:\/\/nationalcastlellc.com\/wp-content\/uploads\/2025\/07\/baylor-scott-white-logo-E4D889C682-seeklogo.com-1.png\" class=\"attachment-large size-large wp-image-119\" alt=\"\" srcset=\"https:\/\/nationalcastlellc.com\/wp-content\/uploads\/2025\/07\/baylor-scott-white-logo-E4D889C682-seeklogo.com-1.png 300w, https:\/\/nationalcastlellc.com\/wp-content\/uploads\/2025\/07\/baylor-scott-white-logo-E4D889C682-seeklogo.com-1-18x8.png 18w\" sizes=\"(max-width: 300px) 100vw, 300px\" \/>\t\t\t\t\t\t\t\t\t\t\t\t\t\t\t<\/div>\n\t\t\t\t<\/div>\n\t\t\t\t<div class=\"elementor-element elementor-element-9f3cebf elementor-widget elementor-widget-text-editor\" data-id=\"9f3cebf\" data-element_type=\"widget\" data-widget_type=\"text-editor.default\">\n\t\t\t\t<div class=\"elementor-widget-container\">\n\t\t\t\t\t\t\t\t\t<p>Health system in Texas offering medical insurance and care services through its own network of hospitals, clinics, and doctors, focusing on quality and access to healthcare.<\/p>\t\t\t\t\t\t\t\t<\/div>\n\t\t\t\t<\/div>\n\t\t\t\t\t<\/div>\n\t\t<\/div>\n\t\t\t\t<div class=\"elementor-column elementor-col-50 elementor-top-column elementor-element elementor-element-145298b\" data-id=\"145298b\" data-element_type=\"column\">\n\t\t\t<div class=\"elementor-widget-wrap elementor-element-populated\">\n\t\t\t\t\t\t<div class=\"elementor-element elementor-element-181f632 elementor-widget elementor-widget-image\" data-id=\"181f632\" data-element_type=\"widget\" data-widget_type=\"image.default\">\n\t\t\t\t<div class=\"elementor-widget-container\">\n\t\t\t\t\t\t\t\t\t\t\t\t\t\t\t<img loading=\"lazy\" decoding=\"async\" width=\"300\" height=\"300\" src=\"https:\/\/nationalcastlellc.com\/wp-content\/uploads\/2025\/07\/ambetter-logo-6A24BEAC79-seeklogo.com_.png\" class=\"attachment-large size-large wp-image-118\" alt=\"\" srcset=\"https:\/\/nationalcastlellc.com\/wp-content\/uploads\/2025\/07\/ambetter-logo-6A24BEAC79-seeklogo.com_.png 300w, https:\/\/nationalcastlellc.com\/wp-content\/uploads\/2025\/07\/ambetter-logo-6A24BEAC79-seeklogo.com_-150x150.png 150w, https:\/\/nationalcastlellc.com\/wp-content\/uploads\/2025\/07\/ambetter-logo-6A24BEAC79-seeklogo.com_-12x12.png 12w\" sizes=\"(max-width: 300px) 100vw, 300px\" \/>\t\t\t\t\t\t\t\t\t\t\t\t\t\t\t<\/div>\n\t\t\t\t<\/div>\n\t\t\t\t<div class=\"elementor-element elementor-element-372d0a7 elementor-widget elementor-widget-text-editor\" data-id=\"372d0a7\" data-element_type=\"widget\" data-widget_type=\"text-editor.default\">\n\t\t\t\t<div class=\"elementor-widget-container\">\n\t\t\t\t\t\t\t\t\t<p>It offers affordable health plans through the Health Insurance Marketplace under the Affordable Care Act (ACA) in various U.S. states, focusing on preventive care and accessible coverage.<\/p>\t\t\t\t\t\t\t\t<\/div>\n\t\t\t\t<\/div>\n\t\t\t\t\t<\/div>\n\t\t<\/div>\n\t\t\t\t\t<\/div>\n\t\t<\/section>\n\t\t\t\t<section class=\"elementor-section elementor-top-section elementor-element elementor-element-d5ff2e3 elementor-section-boxed elementor-section-height-default elementor-section-height-default\" data-id=\"d5ff2e3\" data-element_type=\"section\">\n\t\t\t\t\t\t<div class=\"elementor-container elementor-column-gap-default\">\n\t\t\t\t\t<div class=\"elementor-column elementor-col-50 elementor-top-column elementor-element elementor-element-029d2a4\" data-id=\"029d2a4\" data-element_type=\"column\">\n\t\t\t<div class=\"elementor-widget-wrap elementor-element-populated\">\n\t\t\t\t\t\t<div class=\"elementor-element elementor-element-b83157b elementor-widget elementor-widget-image\" data-id=\"b83157b\" data-element_type=\"widget\" data-widget_type=\"image.default\">\n\t\t\t\t<div class=\"elementor-widget-container\">\n\t\t\t\t\t\t\t\t\t\t\t\t\t\t\t<img loading=\"lazy\" decoding=\"async\" width=\"800\" height=\"179\" src=\"https:\/\/nationalcastlellc.com\/wp-content\/uploads\/2025\/07\/2560px-Oscar_Health_logo.svg_-1024x229.png\" class=\"attachment-large size-large wp-image-115\" alt=\"\" srcset=\"https:\/\/nationalcastlellc.com\/wp-content\/uploads\/2025\/07\/2560px-Oscar_Health_logo.svg_-1024x229.png 1024w, https:\/\/nationalcastlellc.com\/wp-content\/uploads\/2025\/07\/2560px-Oscar_Health_logo.svg_-300x67.png 300w, https:\/\/nationalcastlellc.com\/wp-content\/uploads\/2025\/07\/2560px-Oscar_Health_logo.svg_-768x172.png 768w, https:\/\/nationalcastlellc.com\/wp-content\/uploads\/2025\/07\/2560px-Oscar_Health_logo.svg_-1536x344.png 1536w, https:\/\/nationalcastlellc.com\/wp-content\/uploads\/2025\/07\/2560px-Oscar_Health_logo.svg_-2048x458.png 2048w, https:\/\/nationalcastlellc.com\/wp-content\/uploads\/2025\/07\/2560px-Oscar_Health_logo.svg_-18x4.png 18w\" sizes=\"(max-width: 800px) 100vw, 800px\" \/>\t\t\t\t\t\t\t\t\t\t\t\t\t\t\t<\/div>\n\t\t\t\t<\/div>\n\t\t\t\t<div class=\"elementor-element elementor-element-9797065 elementor-widget elementor-widget-text-editor\" data-id=\"9797065\" data-element_type=\"widget\" data-widget_type=\"text-editor.default\">\n\t\t\t\t<div class=\"elementor-widget-container\">\n\t\t\t\t\t\t\t\t\t<p>Compa\u00f1\u00eda de seguros de salud digital que ofrece planes innovadores con un enfoque en la tecnolog\u00eda y la experiencia del usuario, proporcionando servicios de telemedicina y atenci\u00f3n personalizada a trav\u00e9s de su plataforma.<\/p>\t\t\t\t\t\t\t\t<\/div>\n\t\t\t\t<\/div>\n\t\t\t\t\t<\/div>\n\t\t<\/div>\n\t\t\t\t<div class=\"elementor-column elementor-col-50 elementor-top-column elementor-element elementor-element-4bd633e\" data-id=\"4bd633e\" data-element_type=\"column\">\n\t\t\t<div class=\"elementor-widget-wrap\">\n\t\t\t\t\t\t\t<\/div>\n\t\t<\/div>\n\t\t\t\t\t<\/div>\n\t\t<\/section>\n\t\t\t\t<section class=\"elementor-section elementor-top-section elementor-element elementor-element-495482f elementor-section-boxed elementor-section-height-default elementor-section-height-default\" data-id=\"495482f\" data-element_type=\"section\">\n\t\t\t\t\t\t<div class=\"elementor-container elementor-column-gap-default\">\n\t\t\t\t\t<div class=\"elementor-column elementor-col-100 elementor-top-column elementor-element elementor-element-ec20c40\" data-id=\"ec20c40\" data-element_type=\"column\">\n\t\t\t<div class=\"elementor-widget-wrap elementor-element-populated\">\n\t\t\t\t\t\t<div class=\"elementor-element elementor-element-c9e4b6d animated-slow elementor-widget__width-inherit elementor-invisible elementor-widget elementor-widget-heading\" data-id=\"c9e4b6d\" data-element_type=\"widget\" data-settings=\"{&quot;_animation&quot;:&quot;fadeIn&quot;,&quot;_animation_delay&quot;:600}\" data-widget_type=\"heading.default\">\n\t\t\t\t<div class=\"elementor-widget-container\">\n\t\t\t\t\t<h1 class=\"elementor-heading-title elementor-size-default\">Contact Us<\/h1>\t\t\t\t<\/div>\n\t\t\t\t<\/div>\n\t\t\t\t<div class=\"elementor-element elementor-element-d176bbe animated-slow elementor-invisible elementor-widget elementor-widget-heading\" data-id=\"d176bbe\" data-element_type=\"widget\" data-settings=\"{&quot;_animation&quot;:&quot;fadeIn&quot;,&quot;_animation_delay&quot;:600}\" data-widget_type=\"heading.default\">\n\t\t\t\t<div class=\"elementor-widget-container\">\n\t\t\t\t\t<h1 class=\"elementor-heading-title elementor-size-default\">We want to help you with your insurance and financial needs. Leave us your contact information, and we will get in touch with you.<\/h1>\t\t\t\t<\/div>\n\t\t\t\t<\/div>\n\t\t\t\t\t<\/div>\n\t\t<\/div>\n\t\t\t\t\t<\/div>\n\t\t<\/section>\n\t\t\t\t<section class=\"elementor-section elementor-top-section elementor-element elementor-element-cf24143 elementor-section-boxed elementor-section-height-default elementor-section-height-default\" data-id=\"cf24143\" data-element_type=\"section\">\n\t\t\t\t\t\t<div class=\"elementor-container elementor-column-gap-default\">\n\t\t\t\t\t<div class=\"elementor-column elementor-col-100 elementor-top-column elementor-element elementor-element-82e7ea9\" data-id=\"82e7ea9\" data-element_type=\"column\">\n\t\t\t<div class=\"elementor-widget-wrap elementor-element-populated\">\n\t\t\t\t\t\t<div class=\"elementor-element elementor-element-2dc722c elementor-align-left elementor-mobile-align-center elementor-widget elementor-widget-button\" data-id=\"2dc722c\" data-element_type=\"widget\" data-widget_type=\"button.default\">\n\t\t\t\t<div class=\"elementor-widget-container\">\n\t\t\t\t\t\t\t\t\t<div class=\"elementor-button-wrapper\">\n\t\t\t\t\t<a class=\"elementor-button elementor-button-link elementor-size-sm\" href=\"https:\/\/nationalcastlellc.com\/en\/contacto\/\">\n\t\t\t\t\t\t<span class=\"elementor-button-content-wrapper\">\n\t\t\t\t\t\t\t\t\t<span class=\"elementor-button-text\">Contact Us<\/span>\n\t\t\t\t\t<\/span>\n\t\t\t\t\t<\/a>\n\t\t\t\t<\/div>\n\t\t\t\t\t\t\t\t<\/div>\n\t\t\t\t<\/div>\n\t\t\t\t\t<\/div>\n\t\t<\/div>\n\t\t\t\t\t<\/div>\n\t\t<\/section>\n\t\t\t\t<\/div>","protected":false},"excerpt":{"rendered":"<p>proveedores Cigna es una compa\u00f1\u00eda l\u00edder en seguros de salud en EE. UU., que ofrece planes de salud, dentales, de visi\u00f3n, y de vida. Colabora con una amplia red de proveedores m\u00e9dicos para brindar cobertura y servicios de atenci\u00f3n m\u00e9dica a sus clientes. Una federaci\u00f3n de compa\u00f1\u00edas de seguros de salud que ofrece planes de [&hellip;]<\/p>","protected":false},"author":1,"featured_media":0,"parent":0,"menu_order":0,"comment_status":"closed","ping_status":"closed","template":"","meta":{"footnotes":""},"class_list":["post-196","page","type-page","status-publish","hentry"],"_links":{"self":[{"href":"https:\/\/nationalcastlellc.com\/en\/wp-json\/wp\/v2\/pages\/196","targetHints":{"allow":["GET"]}}],"collection":[{"href":"https:\/\/nationalcastlellc.com\/en\/wp-json\/wp\/v2\/pages"}],"about":[{"href":"https:\/\/nationalcastlellc.com\/en\/wp-json\/wp\/v2\/types\/page"}],"author":[{"embeddable":true,"href":"https:\/\/nationalcastlellc.com\/en\/wp-json\/wp\/v2\/users\/1"}],"replies":[{"embeddable":true,"href":"https:\/\/nationalcastlellc.com\/en\/wp-json\/wp\/v2\/comments?post=196"}],"version-history":[{"count":19,"href":"https:\/\/nationalcastlellc.com\/en\/wp-json\/wp\/v2\/pages\/196\/revisions"}],"predecessor-version":[{"id":717,"href":"https:\/\/nationalcastlellc.com\/en\/wp-json\/wp\/v2\/pages\/196\/revisions\/717"}],"wp:attachment":[{"href":"https:\/\/nationalcastlellc.com\/en\/wp-json\/wp\/v2\/media?parent=196"}],"curies":[{"name":"wp","href":"https:\/\/api.w.org\/{rel}","templated":true}]}}